{"id":25,"date":"2022-05-22T01:05:27","date_gmt":"2022-05-22T01:05:27","guid":{"rendered":"https:\/\/www.westernlab.pe\/?page_id=25"},"modified":"2022-08-02T00:13:30","modified_gmt":"2022-08-02T00:13:30","slug":"certificaciones","status":"publish","type":"page","link":"https:\/\/www.westernlab.pe\/?page_id=25","title":{"rendered":"Certificaciones"},"content":{"rendered":"\t\t<div data-elementor-type=\"wp-page\" data-elementor-id=\"25\" class=\"elementor elementor-25\" data-elementor-post-type=\"page\">\n\t\t\t\t\t\t<section class=\"elementor-section elementor-top-section elementor-element elementor-element-004c6b4 elementor-section-height-min-height elementor-section-boxed elementor-section-height-default elementor-section-items-middle\" data-id=\"004c6b4\" data-element_type=\"section\" data-settings=\"{&quot;jet_parallax_layout_list&quot;:[],&quot;background_background&quot;:&quot;classic&quot;}\">\n\t\t\t\t\t\t<div class=\"elementor-container elementor-column-gap-default\">\n\t\t\t\t\t<div class=\"elementor-column elementor-col-100 elementor-top-column elementor-element elementor-element-00688c3\" data-id=\"00688c3\" data-element_type=\"column\">\n\t\t\t<div class=\"elementor-widget-wrap elementor-element-populated\">\n\t\t\t\t\t\t<div class=\"elementor-element elementor-element-bf0e9aa elementor-widget elementor-widget-heading\" data-id=\"bf0e9aa\" data-element_type=\"widget\" data-widget_type=\"heading.default\">\n\t\t\t\t<div class=\"elementor-widget-container\">\n\t\t\t<style>\/*! elementor - v3.22.0 - 26-06-2024 *\/\n.elementor-heading-title{padding:0;margin:0;line-height:1}.elementor-widget-heading .elementor-heading-title[class*=elementor-size-]>a{color:inherit;font-size:inherit;line-height:inherit}.elementor-widget-heading .elementor-heading-title.elementor-size-small{font-size:15px}.elementor-widget-heading .elementor-heading-title.elementor-size-medium{font-size:19px}.elementor-widget-heading .elementor-heading-title.elementor-size-large{font-size:29px}.elementor-widget-heading .elementor-heading-title.elementor-size-xl{font-size:39px}.elementor-widget-heading .elementor-heading-title.elementor-size-xxl{font-size:59px}<\/style><h1 class=\"elementor-heading-title elementor-size-default\">Certificaciones<\/h1>\t\t<\/div>\n\t\t\t\t<\/div>\n\t\t\t\t\t<\/div>\n\t\t<\/div>\n\t\t\t\t\t<\/div>\n\t\t<\/section>\n\t\t\t\t<section class=\"elementor-section elementor-top-section elementor-element elementor-element-66eb9dd elementor-section-boxed elementor-section-height-default elementor-section-height-default\" data-id=\"66eb9dd\" data-element_type=\"section\" data-settings=\"{&quot;jet_parallax_layout_list&quot;:[]}\">\n\t\t\t\t\t\t<div class=\"elementor-container elementor-column-gap-default\">\n\t\t\t\t\t<div class=\"elementor-column elementor-col-33 elementor-top-column elementor-element elementor-element-3f76575\" data-id=\"3f76575\" data-element_type=\"column\">\n\t\t\t<div class=\"elementor-widget-wrap elementor-element-populated\">\n\t\t\t\t\t\t<div class=\"elementor-element elementor-element-b900672 elementor-widget elementor-widget-image\" data-id=\"b900672\" data-element_type=\"widget\" data-widget_type=\"image.default\">\n\t\t\t\t<div class=\"elementor-widget-container\">\n\t\t\t<style>\/*! elementor - v3.22.0 - 26-06-2024 *\/\n.elementor-widget-image{text-align:center}.elementor-widget-image a{display:inline-block}.elementor-widget-image a img[src$=\".svg\"]{width:48px}.elementor-widget-image img{vertical-align:middle;display:inline-block}<\/style>\t\t\t\t\t\t\t\t\t\t<img decoding=\"async\" width=\"227\" height=\"181\" src=\"https:\/\/www.westernlab.pe\/wp-content\/uploads\/2022\/06\/certificacionesN1-1-1-e1621971991803.jpg\" class=\"attachment-large size-large wp-image-461\" alt=\"Certificacionesn1 1 1 E1621971991803\" \/>\t\t\t\t\t\t\t\t\t\t\t\t\t<\/div>\n\t\t\t\t<\/div>\n\t\t\t\t\t<\/div>\n\t\t<\/div>\n\t\t\t\t<div class=\"elementor-column elementor-col-66 elementor-top-column elementor-element elementor-element-b84cdbf\" data-id=\"b84cdbf\" data-element_type=\"column\">\n\t\t\t<div class=\"elementor-widget-wrap elementor-element-populated\">\n\t\t\t\t\t\t<div class=\"elementor-element elementor-element-f866c2d elementor-widget elementor-widget-text-editor\" data-id=\"f866c2d\" data-element_type=\"widget\" data-widget_type=\"text-editor.default\">\n\t\t\t\t<div class=\"elementor-widget-container\">\n\t\t\t<style>\/*! elementor - v3.22.0 - 26-06-2024 *\/\n.elementor-widget-text-editor.elementor-drop-cap-view-stacked .elementor-drop-cap{background-color:#69727d;color:#fff}.elementor-widget-text-editor.elementor-drop-cap-view-framed .elementor-drop-cap{color:#69727d;border:3px solid;background-color:transparent}.elementor-widget-text-editor:not(.elementor-drop-cap-view-default) .elementor-drop-cap{margin-top:8px}.elementor-widget-text-editor:not(.elementor-drop-cap-view-default) .elementor-drop-cap-letter{width:1em;height:1em}.elementor-widget-text-editor .elementor-drop-cap{float:left;text-align:center;line-height:1;font-size:50px}.elementor-widget-text-editor .elementor-drop-cap-letter{display:inline-block}<\/style>\t\t\t\t<p>Westernlab cumple con las m\u00e1s estrictas normas de calidad para as\u00ed ofrecer seguridad y confianza en el procesamiento de nuestros an\u00e1lisis\u00a0 t\u00e9cnicos y de esta manera satisfacer a todos nuestros clientes.<\/p><p>Cuenta con:<\/p><p><strong>Controles de calidad internacionales<\/strong>\u00a0a trav\u00e9s del programa\u00a0<b>RIQAS<\/b>\u00a0en base a un acuerdo con la empresa biosystem S.A\u00a0<strong>(Espa\u00f1a),<\/strong>\u00a0en todas las instalaciones y en todos los procesos anal\u00edticos, bajo\u00a0<strong>Normas ISO 9001:2008<\/strong><\/p><p><strong>Controles de calidad nacionales<\/strong>\u00a0a trav\u00e9s del programa dirigido y supervisado por la\u00a0<strong>Universidad Peruana Cayetano Heredia<\/strong>.<\/p><ul><li>Enviando en forma ciega muestras entre\u00a0 nuestros diferentes locales.<\/li><li>Corriendo diariamente sueros de control.<\/li><\/ul>\t\t\t\t\t\t<\/div>\n\t\t\t\t<\/div>\n\t\t\t\t\t<\/div>\n\t\t<\/div>\n\t\t\t\t\t<\/div>\n\t\t<\/section>\n\t\t\t\t<\/div>\n\t\t","protected":false},"excerpt":{"rendered":"<p>Certificaciones Westernlab cumple con las m\u00e1s estrictas normas de calidad para as\u00ed ofrecer seguridad y confianza en el procesamiento de nuestros an\u00e1lisis\u00a0 t\u00e9cnicos y de esta manera satisfacer a todos nuestros clientes. Cuenta con: Controles de calidad internacionales\u00a0a trav\u00e9s del programa\u00a0RIQAS\u00a0en base a un acuerdo con la empresa biosystem S.A\u00a0(Espa\u00f1a),\u00a0en todas las instalaciones y en [&hellip;]<\/p>\n","protected":false},"author":1,"featured_media":0,"parent":0,"menu_order":0,"comment_status":"closed","ping_status":"closed","template":"","meta":{"slim_seo":[],"footnotes":""},"_links":{"self":[{"href":"https:\/\/www.westernlab.pe\/index.php?rest_route=\/wp\/v2\/pages\/25"}],"collection":[{"href":"https:\/\/www.westernlab.pe\/index.php?rest_route=\/wp\/v2\/pages"}],"about":[{"href":"https:\/\/www.westernlab.pe\/index.php?rest_route=\/wp\/v2\/types\/page"}],"author":[{"embeddable":true,"href":"https:\/\/www.westernlab.pe\/index.php?rest_route=\/wp\/v2\/users\/1"}],"replies":[{"embeddable":true,"href":"https:\/\/www.westernlab.pe\/index.php?rest_route=%2Fwp%2Fv2%2Fcomments&post=25"}],"version-history":[{"count":17,"href":"https:\/\/www.westernlab.pe\/index.php?rest_route=\/wp\/v2\/pages\/25\/revisions"}],"predecessor-version":[{"id":928,"href":"https:\/\/www.westernlab.pe\/index.php?rest_route=\/wp\/v2\/pages\/25\/revisions\/928"}],"wp:attachment":[{"href":"https:\/\/www.westernlab.pe\/index.php?rest_route=%2Fwp%2Fv2%2Fmedia&parent=25"}],"curies":[{"name":"wp","href":"https:\/\/api.w.org\/{rel}","templated":true}]}}